{"id":785,"date":"2018-08-31T17:14:00","date_gmt":"2018-08-31T20:14:00","guid":{"rendered":"https:\/\/ifd15-sgo.infd.edu.ar\/sitio\/autoridades\/"},"modified":"2020-05-26T20:44:20","modified_gmt":"2020-05-26T23:44:20","slug":"autoridades","status":"publish","type":"page","link":"https:\/\/ifd15-sgo.infd.edu.ar\/sitio\/institucional\/datos-institucionales\/autoridades\/","title":{"rendered":"Autoridades"},"content":{"rendered":"<p><img decoding=\"async\" loading=\"lazy\" class=\"alignnone  wp-image-925\" src=\"https:\/\/ifd15-sgo.infd.edu.ar\/sitio\/wp-content\/uploads\/2020\/05\/FB_IMG_1590536214560-1000x561.jpg\" alt=\"\" width=\"373\" height=\"209\" srcset=\"https:\/\/ifd15-sgo.infd.edu.ar\/sitio\/wp-content\/uploads\/2020\/05\/FB_IMG_1590536214560-1000x561.jpg 1000w, https:\/\/ifd15-sgo.infd.edu.ar\/sitio\/wp-content\/uploads\/2020\/05\/FB_IMG_1590536214560-768x431.jpg 768w, https:\/\/ifd15-sgo.infd.edu.ar\/sitio\/wp-content\/uploads\/2020\/05\/FB_IMG_1590536214560.jpg 1080w\" sizes=\"(max-width: 373px) 100vw, 373px\" \/><\/p>\n<p><strong>EQUIPO DIRECTIVO<\/strong><\/p>\n<p>RECTOR: Lic. Luis Jim\u00e8nez<br \/>\nprofljimenez@hotmail.com<\/p>\n<p>VICEDIRECTOR:<\/p>\n<p>SECRETARIA ACAD\u00c9MICA:<\/p>\n<p>SECRETAR\u00cdA:<br \/>\nProf.<\/p>\n<p>AUXILIARES:<\/p>\n<p>Tel.:<\/p>\n<p>E-mail:<\/p>\n","protected":false},"excerpt":{"rendered":"<p>EQUIPO DIRECTIVO RECTOR: Lic. Luis Jim\u00e8nez profljimenez@hotmail.com VICEDIRECTOR: SECRETARIA ACAD\u00c9MICA: SECRETAR\u00cdA: Prof. AUXILIARES: Tel.: E-mail:<\/p>\n","protected":false},"author":16,"featured_media":0,"parent":779,"menu_order":0,"comment_status":"closed","ping_status":"closed","template":"","meta":[],"acf":[],"_links":{"self":[{"href":"https:\/\/ifd15-sgo.infd.edu.ar\/sitio\/wp-json\/wp\/v2\/pages\/785"}],"collection":[{"href":"https:\/\/ifd15-sgo.infd.edu.ar\/sitio\/wp-json\/wp\/v2\/pages"}],"about":[{"href":"https:\/\/ifd15-sgo.infd.edu.ar\/sitio\/wp-json\/wp\/v2\/types\/page"}],"author":[{"embeddable":true,"href":"https:\/\/ifd15-sgo.infd.edu.ar\/sitio\/wp-json\/wp\/v2\/users\/16"}],"replies":[{"embeddable":true,"href":"https:\/\/ifd15-sgo.infd.edu.ar\/sitio\/wp-json\/wp\/v2\/comments?post=785"}],"version-history":[{"count":7,"href":"https:\/\/ifd15-sgo.infd.edu.ar\/sitio\/wp-json\/wp\/v2\/pages\/785\/revisions"}],"predecessor-version":[{"id":923,"href":"https:\/\/ifd15-sgo.infd.edu.ar\/sitio\/wp-json\/wp\/v2\/pages\/785\/revisions\/923"}],"up":[{"embeddable":true,"href":"https:\/\/ifd15-sgo.infd.edu.ar\/sitio\/wp-json\/wp\/v2\/pages\/779"}],"wp:attachment":[{"href":"https:\/\/ifd15-sgo.infd.edu.ar\/sitio\/wp-json\/wp\/v2\/media?parent=785"}],"curies":[{"name":"wp","href":"https:\/\/api.w.org\/{rel}","templated":true}]}}